{"id":224,"date":"2019-11-14T12:50:46","date_gmt":"2019-11-14T12:50:46","guid":{"rendered":"https:\/\/akademska-masa.org\/?page_id=224"},"modified":"2025-04-07T10:18:46","modified_gmt":"2025-04-07T10:18:46","slug":"dokumenta","status":"publish","type":"page","link":"https:\/\/akademska-masa.org\/en\/activities\/documents\/","title":{"rendered":"Documents"},"content":{"rendered":"<div data-elementor-type=\"wp-page\" data-elementor-id=\"224\" class=\"elementor elementor-224\">\n\t\t\t\t\t\t\t\t\t<section class=\"elementor-section elementor-top-section elementor-element elementor-element-555825d8 elementor-section-boxed elementor-section-height-default elementor-section-height-default\" data-id=\"555825d8\" data-element_type=\"section\">\n\t\t\t\t\t\t<div class=\"elementor-container elementor-column-gap-default\">\n\t\t\t\t\t<div class=\"elementor-column elementor-col-100 elementor-top-column elementor-element elementor-element-7f758351\" data-id=\"7f758351\" data-element_type=\"column\">\n\t\t\t<div class=\"elementor-widget-wrap elementor-element-populated\">\n\t\t\t\t\t\t\t\t<div class=\"elementor-element elementor-element-76fe49aa elementor-widget elementor-widget-text-editor\" data-id=\"76fe49aa\" data-element_type=\"widget\" data-widget_type=\"text-editor.default\">\n\t\t\t\t<div class=\"elementor-widget-container\">\n\t\t\t\t\t\t\t<!-- wp:paragraph --><!-- \/wp:paragraph --><!-- wp:paragraph -->\n<p><a href=\"https:\/\/akademska-masa.org\/wp-content\/uploads\/2019\/11\/MASA-zapisnik-skupstina-5.11-final.pdf\">Minutes from the Mass Assembly held on November 5, 2019<\/a>.<\/p>\n<!-- \/wp:paragraph --><!-- wp:paragraph -->\n<p><a href=\"https:\/\/akademska-masa.org\/wp-content\/uploads\/2019\/12\/Izvestaj-sa-radnih-grupa-2019.pdf\">Report of the working groups of the Masses for the year 2019<\/a><\/p>\n<!-- \/wp:paragraph --><!-- wp:tadv\/classic-paragraph -->\n<p><a href=\"https:\/\/akademska-masa.org\/wp-content\/uploads\/2021\/03\/Zapisnik-sa-Skupstine-25.02.2021.-9.pdf\">Minutes from the Assembly held on February 25, 2021.<\/a><\/p>\n<p><a href=\"http:\/\/akademska-masa.org\/wp-content\/uploads\/2022\/04\/Zapisnik-sa-Skupstine-odrzane-18.4.2022..pdf\">Minutes from the Assembly held on April 18, 2022.<\/a><\/p>\n<p><a href=\"http:\/\/akademska-masa.org\/wp-content\/uploads\/2023\/03\/Zapisnik-sa-Skupstine-odrzane-21.3.2023..pdf\">Minutes from the Assembly held on March 21, 2023.<\/a><\/p>\n<!-- \/wp:paragraph --><!-- wp:columns -->\n<div class=\"wp-block-columns\"><a href=\"http:\/\/akademska-masa.org\/wp-content\/uploads\/2024\/03\/JAVNO_Zapisnik-godisnje-Skupstine-MASA-2024.docx\">Minutes from the Assembly held on March 21, 2024.<\/a><\/div>\n<p><a href=\"https:\/\/akademska-masa.org\/en\/%d0%b7%d0%b0%d0%bf%d0%b8%d1%81%d0%bd%d0%b8%d0%ba-%d1%81%d0%ba%d1%83%d0%bf%d1%88%d1%82%d0%b8%d0%bd%d0%b0-2025-2\/\">Zapisnik sa Skup\u0161tine odr\u017eane 25.3.2025.<\/a><\/p>\n<!-- \/wp:columns -->\t\t\t\t\t\t<\/div>\n\t\t\t\t<\/div>\n\t\t\t\t\t<\/div>\n\t\t<\/div>\n\t\t\t\t\t\t\t<\/div>\n\t\t<\/section>\n\t\t\t\t\t\t\t<\/div>","protected":false},"excerpt":{"rendered":"<p>Zapisnik sa Skup\u0161tine Mase odr\u017eane 5.11.2019. Izve\u0161taj radnih grupa Mase za 2019. godinu Zapisnik sa Skup\u0161tine odr\u017eane 25.02.2021. Zapisnik sa Skup\u0161tine odr\u017eane 18.4.2022. Zapisnik sa Skup\u0161tine odr\u017eane 21.3.2023. Zapisnik sa Skup\u0161tine odr\u017eane 21.3.2024. Zapisnik sa Skup\u0161tine odr\u017eane 25.3.2025.<\/p>","protected":false},"author":1,"featured_media":0,"parent":83,"menu_order":0,"comment_status":"closed","ping_status":"closed","template":"","meta":[],"_links":{"self":[{"href":"https:\/\/akademska-masa.org\/en\/wp-json\/wp\/v2\/pages\/224"}],"collection":[{"href":"https:\/\/akademska-masa.org\/en\/wp-json\/wp\/v2\/pages"}],"about":[{"href":"https:\/\/akademska-masa.org\/en\/wp-json\/wp\/v2\/types\/page"}],"author":[{"embeddable":true,"href":"https:\/\/akademska-masa.org\/en\/wp-json\/wp\/v2\/users\/1"}],"replies":[{"embeddable":true,"href":"https:\/\/akademska-masa.org\/en\/wp-json\/wp\/v2\/comments?post=224"}],"version-history":[{"count":36,"href":"https:\/\/akademska-masa.org\/en\/wp-json\/wp\/v2\/pages\/224\/revisions"}],"predecessor-version":[{"id":5183,"href":"https:\/\/akademska-masa.org\/en\/wp-json\/wp\/v2\/pages\/224\/revisions\/5183"}],"up":[{"embeddable":true,"href":"https:\/\/akademska-masa.org\/en\/wp-json\/wp\/v2\/pages\/83"}],"wp:attachment":[{"href":"https:\/\/akademska-masa.org\/en\/wp-json\/wp\/v2\/media?parent=224"}],"curies":[{"name":"wp","href":"https:\/\/api.w.org\/{rel}","templated":true}]}}