{"id":3674,"date":"2021-05-23T12:42:48","date_gmt":"2021-05-23T12:42:48","guid":{"rendered":"http:\/\/localhost\/masa\/?page_id=3674"},"modified":"2023-03-22T18:40:19","modified_gmt":"2023-03-22T18:40:19","slug":"vladan-cokic","status":"publish","type":"page","link":"https:\/\/akademska-masa.org\/en\/coordination-committee\/ruled-cokic\/","title":{"rendered":"Vladan \u010coki\u0107"},"content":{"rendered":"<p>Vladan \u010coki\u0107, Doctor of Medical Sciences, is a scientific advisor to the Institute for Medical Research at the University of Belgrade. Master&#039;s degree in medical genetics and doctorate in hematology, Faculty of Medicine, University of Belgrade. Specialist in internal medicine. Postgraduate studies at the National Institutes of Health in America (1999-2004). Author of several scientific papers in top international journals, as well as several books in the field of hematology. Lecturer by invitation at several domestic and international meetings, as well as universities. Head of the national project of the Ministry of Education, Science and Technological Development of the Republic of Serbia, as well as the Science Fund, and a participant in several international projects. Head of the molecular oncology group of the Institute for Medical Research. Associate member of the Academy of Medical Sciences of the Serbian Medical Association since 2016. Co-chairman of the European Association for Myeloproliferative Neoplasms (MPN&amp;MPNr-EuroNet) since 2019.<\/p>","protected":false},"excerpt":{"rendered":"<p>Doktor medicinskih nauka Vladan \u010coki\u0107 je nau\u010dni savetnik Instituta za medicinska istra\u017eivanja Univerziteta u Beogradu. Magistrirao na medicinskoj genetici i doktorirao na hematologiji Medicinskog fakulteta Univerziteta u Beogradu. Specijalista interne medicine. Poslediplomske studije obavio na Nacionalnim institutima za zdravlje u Americi (1999-2004). Autor vi\u0161e nau\u010dnih radova u vrhunskim me\u0111unarodnim \u010dasopisima, kao i nekoliko knjiga iz [&hellip;]<\/p>","protected":false},"author":1,"featured_media":0,"parent":297,"menu_order":0,"comment_status":"closed","ping_status":"closed","template":"","meta":[],"_links":{"self":[{"href":"https:\/\/akademska-masa.org\/en\/wp-json\/wp\/v2\/pages\/3674"}],"collection":[{"href":"https:\/\/akademska-masa.org\/en\/wp-json\/wp\/v2\/pages"}],"about":[{"href":"https:\/\/akademska-masa.org\/en\/wp-json\/wp\/v2\/types\/page"}],"author":[{"embeddable":true,"href":"https:\/\/akademska-masa.org\/en\/wp-json\/wp\/v2\/users\/1"}],"replies":[{"embeddable":true,"href":"https:\/\/akademska-masa.org\/en\/wp-json\/wp\/v2\/comments?post=3674"}],"version-history":[{"count":2,"href":"https:\/\/akademska-masa.org\/en\/wp-json\/wp\/v2\/pages\/3674\/revisions"}],"predecessor-version":[{"id":3697,"href":"https:\/\/akademska-masa.org\/en\/wp-json\/wp\/v2\/pages\/3674\/revisions\/3697"}],"up":[{"embeddable":true,"href":"https:\/\/akademska-masa.org\/en\/wp-json\/wp\/v2\/pages\/297"}],"wp:attachment":[{"href":"https:\/\/akademska-masa.org\/en\/wp-json\/wp\/v2\/media?parent=3674"}],"curies":[{"name":"wp","href":"https:\/\/api.w.org\/{rel}","templated":true}]}}