{"id":3686,"date":"2021-05-23T12:45:46","date_gmt":"2021-05-23T12:45:46","guid":{"rendered":"http:\/\/localhost\/masa\/?page_id=3686"},"modified":"2025-03-27T12:55:36","modified_gmt":"2025-03-27T12:55:36","slug":"vukasin_milicevic","status":"publish","type":"page","link":"https:\/\/akademska-masa.org\/en\/coordination-committee\/dusan-pavlovic\/","title":{"rendered":"Vuka\u0161in Mili\u0107evi\u0107"},"content":{"rendered":"<p><span style=\"font-weight: 400;\"><strong>Vuka\u0161in Mili\u0107evi\u0107<\/strong> je ro\u0111en u Beogradu 25. septembra 1982. Posle gimnazije (Tre\u0107a beogradska gimnazija) upisuje i zavr\u0161ava osnovne studije na Pravoslavnom bogoslovskom fakultetu (2005. godine, prosek 9, 34). Master studije na Filozofskom fakultetu upisuje 2010. godine (istorija Vizantije, prosek 10). Doktorat &#8222;Aspekti problema vremena kod Sv. Maksima Ispovednika&#8220; (sistematska teologija) odbranio na je PBF aprila 2018. godine (prose\u010dna ocena 10). U periodu od 2012-2019. godine bio je asistent Grupe za sistematsko bogoslovlje na PBF, a od 2019-2024. godine docent (predmeti: Hri\u0161\u0107anska etika &#8211; osnovne studije, Ontologija i etika &#8211; master studije, Patristi\u010dka kosmologija &#8211; doktorske). Septembra 2024. dobio je zvanje nau\u010dni saradnik za oblast filozofije (IFDT).<\/span><\/p>\n<p><!-- \/wp:quote --><\/p>","protected":false},"excerpt":{"rendered":"<p>Vuka\u0161in Mili\u0107evi\u0107 je ro\u0111en u Beogradu 25. septembra 1982. Posle gimnazije (Tre\u0107a beogradska gimnazija) upisuje i zavr\u0161ava osnovne studije na Pravoslavnom bogoslovskom fakultetu (2005. godine, prosek 9, 34). Master studije na Filozofskom fakultetu upisuje 2010. godine (istorija Vizantije, prosek 10). Doktorat &#8222;Aspekti problema vremena kod Sv. Maksima Ispovednika&#8220; (sistematska teologija) odbranio na je PBF aprila [&hellip;]<\/p>","protected":false},"author":1,"featured_media":0,"parent":297,"menu_order":0,"comment_status":"closed","ping_status":"closed","template":"","meta":[],"_links":{"self":[{"href":"https:\/\/akademska-masa.org\/en\/wp-json\/wp\/v2\/pages\/3686"}],"collection":[{"href":"https:\/\/akademska-masa.org\/en\/wp-json\/wp\/v2\/pages"}],"about":[{"href":"https:\/\/akademska-masa.org\/en\/wp-json\/wp\/v2\/types\/page"}],"author":[{"embeddable":true,"href":"https:\/\/akademska-masa.org\/en\/wp-json\/wp\/v2\/users\/1"}],"replies":[{"embeddable":true,"href":"https:\/\/akademska-masa.org\/en\/wp-json\/wp\/v2\/comments?post=3686"}],"version-history":[{"count":5,"href":"https:\/\/akademska-masa.org\/en\/wp-json\/wp\/v2\/pages\/3686\/revisions"}],"predecessor-version":[{"id":5150,"href":"https:\/\/akademska-masa.org\/en\/wp-json\/wp\/v2\/pages\/3686\/revisions\/5150"}],"up":[{"embeddable":true,"href":"https:\/\/akademska-masa.org\/en\/wp-json\/wp\/v2\/pages\/297"}],"wp:attachment":[{"href":"https:\/\/akademska-masa.org\/en\/wp-json\/wp\/v2\/media?parent=3686"}],"curies":[{"name":"wp","href":"https:\/\/api.w.org\/{rel}","templated":true}]}}