{"id":4066,"date":"2021-07-08T22:08:56","date_gmt":"2021-07-08T22:08:56","guid":{"rendered":"https:\/\/akademska-masa.org\/?page_id=4066"},"modified":"2025-04-21T08:00:33","modified_gmt":"2025-04-21T08:00:33","slug":"publikacije","status":"publish","type":"page","link":"https:\/\/akademska-masa.org\/en\/activities\/publications\/","title":{"rendered":"Publications"},"content":{"rendered":"<p><a href=\"http:\/\/akademska-masa.org\/wp-content\/uploads\/2025\/04\/Izvestaj-eksperti.pdf\">Ekspertska podr\u0161ka akademske zajednice akcijama gra\u0111anskog aktivizma <\/a><\/p>\r\n<p><a href=\"http:\/\/akademska-masa.org\/wp-content\/uploads\/2024\/10\/Nepokoreni-univerzitet-brosura.pdf\">Nepokoreni univerzitet &#8211; bro\u0161ura<\/a><\/p>\r\n<p><a href=\"http:\/\/akademska-masa.org\/wp-content\/uploads\/2022\/03\/Komparativna-analiza.pdf\">Comparative analysis<\/a> procedures for advancing to higher positions and establishing employment relationships at Universities in Croatia and Serbia\u00a0<\/p>\r\n\r\n<p><a href=\"https:\/\/akademska-masa.org\/wp-content\/uploads\/2021\/03\/Analiza-normi-i-praksi-napredovanja-u-zvanje-na-univerzitetima-Boban-Stojanovic-1.pdf\">Study Analysis of the norms and practices of promotion in the university - author Boban Stojanovi\u0107<\/a><\/p>\r\n\r\n\r\n\r\n<p><a href=\"https:\/\/akademska-masa.org\/wp-content\/uploads\/2021\/03\/Analaza-normi-i-praksi-akreditacije-visokoskolskih-ustanova-i-studijskih-programa-u-RS-Marija-Stefanovic-i-Sonja-Kuzmancev-Stanojevic.pdf\">Study Analysis of norms and practices of accreditation of higher education institutions and study programs in the RS - authors Marija Stefanovi\u0107 and Sonja Kuzman\u010dev-Stanojevi\u0107<\/a><\/p>\r\n\r\n\r\n\r\n<p><a href=\"http:\/\/akademska-masa.org\/wp-content\/uploads\/2021\/06\/Studija-Istrazivanje-o-praksama-za-prijavljivanje-seksualnog-uznemiravanja-na-fakultetima-u-Srbiji-autorka-Milica-Resanovic-.pdf\">Study Research on practices for reporting sexual harassment at faculties in Serbia - author Milica Resanovi\u0107<\/a><\/p>\r\n\r\n\r\n\r\n<div class=\"wp-block-file\"><a href=\"https:\/\/akademska-masa.org\/wp-content\/uploads\/2021\/08\/MASA-Damir-Gosin-Budzetsko-ulaganje-u-visoko-obrazovanje-i-nauku-u-Srbiji.pdf\">Damir Go\u0161in - Budget investment in higher education and science in Serbia<\/a><\/div>\r\n<div>\u00a0<\/div>\r\n<div><a href=\"http:\/\/akademska-masa.org\/wp-content\/uploads\/2021\/08\/Jovana-Misailovic-Vodic-za-lica-cija-su-prava-povredena-u-postupku-izbora-u-akademska-zvanja.pdf\">Jovana Misailovi\u0107 - Guide for persons whose rights have been violated in the selection procedure for academic positions<\/a><\/div>\r\n<div>\u00a0<\/div>\r\n<div><a href=\"http:\/\/akademska-masa.org\/wp-content\/uploads\/2021\/08\/\u041c\u0410\u0421\u0410-\u0410\u043a\u0430\u0434\u0435\u043c\u0441\u043a\u0430-\u0435\u043c\u0438\u0433\u0440\u0430\u0446\u0438\u0458\u0430-1.pdf\">Academic emigration<\/a><\/div>\r\n<div>\u00a0<\/div>\r\n<div>\u00a0<\/div>","protected":false},"excerpt":{"rendered":"<p>Ekspertska podr\u0161ka akademske zajednice akcijama gra\u0111anskog aktivizma Nepokoreni univerzitet &#8211; bro\u0161ura Komparativna analiza procedure napredovanja u vi\u0161a zvanja i zasnivanja radnog odnosa na Univerzitetima u Hrvatskoj i Srbiji\u00a0 Studija Analiza normi i praksi napredovanja u zvanje na univerzitetima &#8211; autor Boban Stojanovi\u0107 Studija Analaza normi i praksi akreditacije visoko\u0161kolskih ustanova i studijskih programa u RS [&hellip;]<\/p>","protected":false},"author":1,"featured_media":0,"parent":83,"menu_order":0,"comment_status":"closed","ping_status":"closed","template":"","meta":[],"_links":{"self":[{"href":"https:\/\/akademska-masa.org\/en\/wp-json\/wp\/v2\/pages\/4066"}],"collection":[{"href":"https:\/\/akademska-masa.org\/en\/wp-json\/wp\/v2\/pages"}],"about":[{"href":"https:\/\/akademska-masa.org\/en\/wp-json\/wp\/v2\/types\/page"}],"author":[{"embeddable":true,"href":"https:\/\/akademska-masa.org\/en\/wp-json\/wp\/v2\/users\/1"}],"replies":[{"embeddable":true,"href":"https:\/\/akademska-masa.org\/en\/wp-json\/wp\/v2\/comments?post=4066"}],"version-history":[{"count":9,"href":"https:\/\/akademska-masa.org\/en\/wp-json\/wp\/v2\/pages\/4066\/revisions"}],"predecessor-version":[{"id":5231,"href":"https:\/\/akademska-masa.org\/en\/wp-json\/wp\/v2\/pages\/4066\/revisions\/5231"}],"up":[{"embeddable":true,"href":"https:\/\/akademska-masa.org\/en\/wp-json\/wp\/v2\/pages\/83"}],"wp:attachment":[{"href":"https:\/\/akademska-masa.org\/en\/wp-json\/wp\/v2\/media?parent=4066"}],"curies":[{"name":"wp","href":"https:\/\/api.w.org\/{rel}","templated":true}]}}