{"id":4537,"date":"2023-03-22T16:54:23","date_gmt":"2023-03-22T16:54:23","guid":{"rendered":"https:\/\/akademska-masa.org\/?page_id=4537"},"modified":"2025-03-27T12:52:39","modified_gmt":"2025-03-27T12:52:39","slug":"vladimir-durdevic","status":"publish","type":"page","link":"https:\/\/akademska-masa.org\/en\/coordination-committee\/danijela-stosic-panic\/","title":{"rendered":"Vladimir \u0110ur\u0111evi\u0107"},"content":{"rendered":"<p><span style=\"font-weight: 400;\"><strong>Vladimir \u0110ur\u0111evi\u0107<\/strong> je redovni profesor na Fizi\u010dkom fakultetu, Univerziteta u Beogradu. Bio je gostuju\u0107i istra\u017eiva\u010d u \u201eNational Oceanic and Atmospheric Administration (NOAA)\u201c, u Sjedinjenim Ameri\u010dkim Dr\u017eavama; \u201eCentro Euro-Mediterraneo sui Cambiamenti Climatici (CMCC)\u201c u Italiji; \u201eInstituto Superior Tecnico (IST), Universidade de Lisboa, u Portugaliji; \u201eMediterranean Centre on Insular Coastal Dynamics (ICoD) of the University of Malta \u201c na Malti. U\u010destvovao je i bio rukovodilac u vi\u0161e me\u0111unarodnih nau\u010dnoistra\u017eiva\u010dkih projekata finansiranih iz fondova EU-H2020, EU-FP, IPA, JRC, IOC-UNESCO i GEF. Kao ekspert, doprineo je izradi Nacionalnih izve\u0161taja o klimatskim promenama za Srbiju, Bosnu i Hercegovinu, Crnu Goru, Severnu Makedoniju i Brazil. Trenutno vodi projekat EXTREMES koji finansira Fond za nauku Republike Srbije. Suosniva\u010d je inicijative Green Art Incubator (<\/span><a href=\"http:\/\/greenartincubator.org\/\"><span style=\"font-weight: 400;\">greenartincubator.org<\/span><\/a><span style=\"font-weight: 400;\">) i saradnik na portalu Klima101 (<\/span><a href=\"http:\/\/klima101.rs\/\"><span style=\"font-weight: 400;\">klima101.rs<\/span><\/a><span style=\"font-weight: 400;\">). Dobitnik WMO Borivoje Dobrilovi\u0107 Trust Found Research nagrade u meteorologiji, godi\u0161nje nagrade Fizi\u010dkog fakulteta za nau\u010dni rad,\u00a0 nagrade Konstantin Jire\u010dek Medal &#8211; Die S\u00fcdosteuropa-Gesellschaft, nagrade &#8222;Zeleni List&#8220;, i godi\u0161njeg priznanja Centra za promociju nauke za 2023. godinu.<\/span><\/p>\n<p><span style=\"font-weight: 400;\">Njegova oblast istra\u017eivanja je numeri\u010dko modeliranje klime, analiza klimatskih podataka, procena rizika i ranjivosti i analiza prilago\u0111avanja na klimatske promene. Vladimir \u0110ur\u0111evi\u0107 je objavio preko \u0161ezdeset radova u me\u0111unarodnim nau\u010dnim \u010dasopisima iz oblasti atmosferskih nauka i klimatologije, sa ukupnom citirano\u0161\u0107u preko 2500 i h-indeksom 25 (Google scholar). Pored akademske karijere odr\u017eao je i niz javnih predavanja o klimatskim promenama.<\/span><\/p>","protected":false},"excerpt":{"rendered":"<p>Vladimir \u0110ur\u0111evi\u0107 je redovni profesor na Fizi\u010dkom fakultetu, Univerziteta u Beogradu. Bio je gostuju\u0107i istra\u017eiva\u010d u \u201eNational Oceanic and Atmospheric Administration (NOAA)\u201c, u Sjedinjenim Ameri\u010dkim Dr\u017eavama; \u201eCentro Euro-Mediterraneo sui Cambiamenti Climatici (CMCC)\u201c u Italiji; \u201eInstituto Superior Tecnico (IST), Universidade de Lisboa, u Portugaliji; \u201eMediterranean Centre on Insular Coastal Dynamics (ICoD) of the University of Malta [&hellip;]<\/p>","protected":false},"author":1,"featured_media":0,"parent":297,"menu_order":0,"comment_status":"closed","ping_status":"closed","template":"","meta":[],"_links":{"self":[{"href":"https:\/\/akademska-masa.org\/en\/wp-json\/wp\/v2\/pages\/4537"}],"collection":[{"href":"https:\/\/akademska-masa.org\/en\/wp-json\/wp\/v2\/pages"}],"about":[{"href":"https:\/\/akademska-masa.org\/en\/wp-json\/wp\/v2\/types\/page"}],"author":[{"embeddable":true,"href":"https:\/\/akademska-masa.org\/en\/wp-json\/wp\/v2\/users\/1"}],"replies":[{"embeddable":true,"href":"https:\/\/akademska-masa.org\/en\/wp-json\/wp\/v2\/comments?post=4537"}],"version-history":[{"count":3,"href":"https:\/\/akademska-masa.org\/en\/wp-json\/wp\/v2\/pages\/4537\/revisions"}],"predecessor-version":[{"id":5148,"href":"https:\/\/akademska-masa.org\/en\/wp-json\/wp\/v2\/pages\/4537\/revisions\/5148"}],"up":[{"embeddable":true,"href":"https:\/\/akademska-masa.org\/en\/wp-json\/wp\/v2\/pages\/297"}],"wp:attachment":[{"href":"https:\/\/akademska-masa.org\/en\/wp-json\/wp\/v2\/media?parent=4537"}],"curies":[{"name":"wp","href":"https:\/\/api.w.org\/{rel}","templated":true}]}}