{"id":5184,"date":"2025-04-07T10:26:50","date_gmt":"2025-04-07T10:26:50","guid":{"rendered":"https:\/\/akademska-masa.org\/?page_id=5184"},"modified":"2025-06-26T09:19:32","modified_gmt":"2025-06-26T09:19:32","slug":"donacije","status":"publish","type":"page","link":"https:\/\/akademska-masa.org\/en\/donacije\/","title":{"rendered":"DONATIONS"},"content":{"rendered":"<p class=\"\" data-start=\"305\" data-end=\"487\">MASA gathers members of the academic community in Serbia who stand for autonomy, honesty, solidarity, freedom of opinion, public work and social responsibility.<\/p>\r\n<p class=\"\" data-start=\"489\" data-end=\"708\">Our work is based on the belief that the university must be a space of free thought, critical dialogue and joint action. At a time when these values \u200b\u200bare threatened, the fight for their defense requires resources and togetherness.<\/p>\r\n<p class=\"\" data-start=\"710\" data-end=\"730\">By donating you support:<\/p>\r\n<ul data-start=\"732\" data-end=\"1043\">\r\n<li class=\"\" data-start=\"732\" data-end=\"810\">\r\n<p class=\"\" data-start=\"734\" data-end=\"810\"><strong data-start=\"734\" data-end=\"808\">common resistance to pressures that undermine the autonomy of academic work,<\/strong><\/p>\r\n<\/li>\r\n<li class=\"\" data-start=\"811\" data-end=\"896\">\r\n<p class=\"\" data-start=\"813\" data-end=\"896\"><strong data-start=\"813\" data-end=\"894\">organizing debates, workshops and public performances that strengthen critical culture,<\/strong><\/p>\r\n<\/li>\r\n<li class=\"\" data-start=\"897\" data-end=\"965\">\r\n<p class=\"\" data-start=\"899\" data-end=\"965\"><strong data-start=\"899\" data-end=\"963\">networking and solidarity among members of the academic community,<\/strong><\/p>\r\n<\/li>\r\n<li class=\"\" data-start=\"966\" data-end=\"1043\">\r\n<p class=\"\" data-start=\"968\" data-end=\"1043\"><strong data-start=\"968\" data-end=\"1043\">protection of public goods and advocacy for responsible and transparent policies.<\/strong><\/p>\r\n<\/li>\r\n<\/ul>\r\n<p class=\"\" data-start=\"1045\" data-end=\"1186\">Your support allows us to remain independent, to respond to injustices, and to build a stronger academic community dedicated to the public good.<\/p>\r\n<p class=\"\" data-start=\"1188\" data-end=\"1378\"><strong>Donacije mo\u017eete uplatiti:<\/strong><\/p>\r\n<p class=\"\" data-start=\"1188\" data-end=\"1378\"><strong> Putem sajta Donacije.rs klikom na slede\u0107i link <\/strong><a href=\"https:\/\/www.donacije.rs\/projekat\/podrzimo-masu\/\">Podr\u017eimo MASU: Za slobodu kriti\u010dke misli i akademski integritet \u2013 MASA je kriti\u010dna | Donacije.rs<\/a><\/p>\r\n<p class=\"\" data-start=\"1188\" data-end=\"1378\">ili\u00a0<\/p>\r\n<p class=\"\" data-start=\"1188\" data-end=\"1378\"><strong>Uplatom na ra\u010dun MASE<\/strong><br data-start=\"1224\" data-end=\"1227\" \/>Organization name: Network of academic solidarity and engagement<br data-start=\"1271\" data-end=\"1274\" \/>Account number: 265 \u2013 1610310005046 \u2013 15 Raiffeisen banka a.d.<br data-start=\"1330\" data-end=\"1333\" \/>Purpose of payment: Donation for the work of MASA<\/p>\r\n<p class=\"\" data-start=\"1470\" data-end=\"1523\">For any additional information, you can contact us by email: <a href=\"mailto: akademska.masa@gmail.com\">akademska.masa@gmail.com<\/a><\/p>\r\n\r\n\r\n\r\n<p>&nbsp;<\/p>\r\n\r\n\r\n\r\n<p>&nbsp;<\/p>\r\n\r\n\r\n\r\n<p>&nbsp;<\/p>\r\n\r\n\r\n\r\n<figure class=\"wp-block-image\"><img src=\"http:\/\/marko.jovanovic.goweb004.nextweb.space\/wp-content\/themes\/ifdt\/assets\/images\/icons\/search.png\" alt=\"\" \/><\/figure>","protected":false},"excerpt":{"rendered":"<p>MASA okuplja \u010dlanove akademske zajednice u Srbiji koji se zala\u017eu za autonomiju, \u010destitost, solidarnost, slobodu mi\u0161ljenja, javnost rada i dru\u0161tvenu odgovornost. Na\u0161 rad po\u010diva na uverenju da univerzitet mora biti prostor slobodne misli, kriti\u010dkog dijaloga i zajedni\u010dkog delovanja. U vremenu kada su ove vrednosti ugro\u017eene, borba za njihovu odbranu zahteva i resurse i zajedni\u0161tvo. Donacijom [&hellip;]<\/p>","protected":false},"author":1,"featured_media":0,"parent":0,"menu_order":9,"comment_status":"closed","ping_status":"closed","template":"","meta":[],"_links":{"self":[{"href":"https:\/\/akademska-masa.org\/en\/wp-json\/wp\/v2\/pages\/5184"}],"collection":[{"href":"https:\/\/akademska-masa.org\/en\/wp-json\/wp\/v2\/pages"}],"about":[{"href":"https:\/\/akademska-masa.org\/en\/wp-json\/wp\/v2\/types\/page"}],"author":[{"embeddable":true,"href":"https:\/\/akademska-masa.org\/en\/wp-json\/wp\/v2\/users\/1"}],"replies":[{"embeddable":true,"href":"https:\/\/akademska-masa.org\/en\/wp-json\/wp\/v2\/comments?post=5184"}],"version-history":[{"count":4,"href":"https:\/\/akademska-masa.org\/en\/wp-json\/wp\/v2\/pages\/5184\/revisions"}],"predecessor-version":[{"id":5279,"href":"https:\/\/akademska-masa.org\/en\/wp-json\/wp\/v2\/pages\/5184\/revisions\/5279"}],"wp:attachment":[{"href":"https:\/\/akademska-masa.org\/en\/wp-json\/wp\/v2\/media?parent=5184"}],"curies":[{"name":"wp","href":"https:\/\/api.w.org\/{rel}","templated":true}]}}