{"id":5363,"date":"2025-09-22T16:01:31","date_gmt":"2025-09-22T16:01:31","guid":{"rendered":"https:\/\/akademska-masa.org\/?page_id=5363"},"modified":"2025-09-22T18:15:38","modified_gmt":"2025-09-22T18:15:38","slug":"odbor","status":"publish","type":"page","link":"https:\/\/akademska-masa.org\/en\/community\/odbor\/","title":{"rendered":"Coordination Committee"},"content":{"rendered":"<p><strong>Vladan \u010coki\u0107 <\/strong>je Doktor medicinskih nauka i nau\u010dni savetnik Instituta za medicinska istra\u017eivanja Univerziteta u Beogradu. Magistrirao na medicinskoj genetici i doktorirao na hematologiji Medicinskog fakulteta Univerziteta u Beogradu. Specijalista interne medicine. Poslediplomske studije obavio na Nacionalnim institutima za zdravlje u Americi (1999-2004). Autor vi\u0161e nau\u010dnih radova u vrhunskim me\u0111unarodnim \u010dasopisima, kao i nekoliko knjiga iz oblasti hematologije. Predava\u010d po pozivu na vi\u0161e doma\u0107ih i me\u0111unarodnih skupova, kao i univerziteta. Rukovodilac nacionalnog projekta Ministarstva prosvete, nauke i tehnolo\u0161kog razvoja Republike Srbije, kao i Fonda za nauku, i u\u010desnik vi\u0161e me\u0111unarodnih projekata. Rukovodilac grupe za molekularnu onkologiju Instituta za medicinska istra\u017eivanja. Vanredni \u010dlan Akademije medicinskih nauka Srpskog lekarskog dru\u0161tva od 2016. godine. Kopredsedavaju\u0107i evropskog udru\u017eenja za mijeloproliferativne neoplazme (MPN&amp;MPNr-EuroNet) od 2019. godine.<\/p>\r\n\r\n\r\n\r\n\r\n\r\n<p><span style=\"font-size: 12pt;\"><strong>Galjina Ognjanov <\/strong>je zavr\u0161ila je Tre\u0107u beogradsku gimnaziju, a potom je diplomirala, magistrirala i doktorirala na Ekonomskom fakultetu Univerziteta u Beogradu. Zaposlena je na Ekonomskom fakultetu Univerziteta u Beogradu kao redovni profesor za u\u017eu nau\u010dnu oblast poslovna ekonomija i menad\u017ement. U nau\u010dnom radu posve\u0107ena je temama iz oblasti marketinga, uklju\u010duju\u0107i medijsko ogla\u0161avanje i medijsko tr\u017ei\u0161te. Anga\u017eovana je kao istra\u017eiva\u010d i konsultant na ve\u0107em broju projekata me\u0111unarodnih organizacija u Srbiji i regionu Zapadne Evrope. Kao stipendista Tokio fondacije pri Univerzitetu u Beogradu (Sasakava stipendija) bila je na \u0161estomese\u010dnom studijskom boravku na Univerzitetu u Pitsburgu, SAD (Center for Russian and East European Studies i Katz Business School). Kao stipendista francuske Fondacije za unapre\u0111enje znanja u oblasti menad\u017ementa (FNEGE), bila je na jednomese\u010dnom studijskom boravku na Evropskoj \u0161koli za menad\u017ement u Parizu (ESCP-EAP). Kao gostuju\u0107i profesor predavala je na master kursu u oblasti Marketin\u0161ke dijagonistike i \u017eivotnog ciklusa proizvoda na Univerzitetu u Nansiju (Poslovna \u0161kola u Mecu), Francuska. \u010clan je Evropske akademije za marketing (EMAK) i Nau\u010dnog dru\u0161tva ekonomista Srbije. Jedan je od osniva\u010da Dru\u0161tva Srbije za odnose s javno\u0161\u0107u, osnovanog maja 2004. godine u Beogradu. Tako\u0111e, jedan je od osniva\u010da Mre\u017ee akademske solidarnosti i anga\u017eovanosti MASA, osnovane u Beogradu 2019. godine, kojom je predsedavala tokom 2020. godine.<\/span><\/p>\r\n\r\n\r\n\r\n\r\n\r\n<p><strong>Dalibor Petrovi\u0107<\/strong> je diplomirao, magistrirao i doktorirao na odeljenju za Sociologiju, Filozofskog fakulteta Univerziteta u Beogradu. Redovni profesor je sociologije na Univerzitetu u Beogradu gde predaje na Saobra\u0107ajnom, Filozofskom i Ekonomskom fakultetu na svim nivoima studija kao i na master studijama Fakulteta dramskih umetnosti Univerziteta Umetnosti. Kao autori i prire\u0111iva\u010d objavio je tri knjige i veliki broj nau\u010dnih radova u doma\u0107oj i me\u0111unarodnoj periodici. Za svoja nau\u010dna dostignu\u0107a nagra\u0111en je Plaketom Dru\u0161tva za informatiku Srbije za najbolji nau\u010dni rad u 2014. godini za knjigu Dru\u0161tvenost u doba interneta, kao prvi sociolog koji je poneo ovo priznanje. Pored toga, ista knjiga osvojila je drugo mesto u izboru za najbolju sociolo\u0161ku studiju u 2014. godini, u organizaciji \u201cSrpskog sociolo\u0161kog dru\u0161tva\u201d. U periodu od 2002. &#8211; 2004. godine bio je prvi koordinator novosnovanog Republi\u010dkog saveta za razvoj univerzitetskog obrazovanja (dana\u0161nji Nacionalni savet za visoko obrazovanje) aktivno u\u010destvuju\u0107i u reformi visoko\u0161kolskog obrazovanja u Srbiji. Stalno je anga\u017eovan od strane Evropske komisije u procesu evaluacije H2020 projekata kao ekspert u oblasti eti\u010dke ocene nau\u010dnih istra\u017eivanja. Trenutno je na poziciji glavnog urednika \u010dasopisa Sociologija na kojoj se nalazi od 2020. godine i \u010dlan je predsedni\u0161tva Sociolo\u0161kog nau\u010dnog dru\u0161tva Srbije. Jedan je od incijatora, a kasnije i formalni osniva\u010d i \u010dlan Koordinacionog odbora Mre\u017ee akademske solidarnosti i anga\u017eovanosti-MASA.<\/p>\r\n\r\n\r\n\r\n\r\n\r\n<p><span style=\"font-size: 12pt;\"><strong>Bojan Bodro\u017ea<\/strong> je psiholo\u0161kinja i docentkinja na Odseku za psihologiju Filozofskog fakulteta u Novom Sadu. U periodu od 2010. do 2015. bila je zaposlena na Institutu za pedago\u0161ka istra\u017eivanja u Beogradu. Bavi se istra\u017eivanjima iz oblasti socijalne psihologije i sajberpsihologije. U\u010destvovala je na vi\u0161e me\u0111unarodnih i nacionalnih projekata iz oblasti obrazovanja i socijalne psihologije. Objavila je ve\u0107i broj radova u me\u0111unarodnim i nacionalnim \u010dasopisima. Kao aktivistkinja je anga\u017eovana u vi\u0161e inicijativa (&#8222;Vidi, gari, ne mo\u017ee&#8220; inicijativa za o\u010duvanje Dunavca, gra\u0111anska borba za mesne zajednice, Skup\u0161tina slobodne Srbije).<\/span><\/p>\r\n\r\n\r\n\r\n\r\n\r\n<p><strong>Oliver Toskovic <\/strong>je doktorirao psihologiju opa\u017eanja na Filozofskom fakultetu u Beogradu. Radi kao docent na Odeljenju za psihologiju Filozofskog fakulteta u Beogradu, na Filozofskom fakultetu u Kosovskoj Mitrovici, a radio je i na Fakultetu sporta i fizi\u010dke kulture i na Fakultetu za specijalnu edukaciju i rehabilitaciju u Beogradu. Saradnik je Laboratorije za eksperimentalnu psihologiju Filozofskog fakulteta u Beogradu, Instituta za psihologiju u Beogradu, Instituta za pedago\u0161ka istra\u017eivanja u Beogradu, Instituta za mentalno zdravlje u Beogradu i Istra\u017eiva\u010dke stanice Petnica. U\u010destvovao je na ve\u0107em broju doma\u0107ih i me\u0111unarodnih projekata: Bazi\u010dni kognitivni procesi i funkcije, PISA \u2013 Programme for International Student Assesment, TIMSS \u2013 Trends in Mathematics and Science Study, IEA, Fundamentalni kognitivni procesi i funkcije, Tempus project Education policy master programme, Supporting University Students At Risk of dropping out, Adverse Childhood Experiences Serbia, Research on child disciplining at home. Bavi se i popularizaciom nauke kroz organizaciju Festivala nauke i pisanjem nau\u010dno popularnih \u010dlanaka. Glavne oblasti interesovanja i istra\u017eivanja su psihologija opa\u017eanja, eksperimentalna estetika, evaluacija obrazovanja, statistika i metodologija nau\u010dnih istra\u017eivanja. Napisao je 3 poglavlja u monografijama, 2 ud\u017ebenika, uredio 9 publikacija, objavio 45 radova u nacionalnim i me\u0111unarodnim \u010dasopisima, od\u017eao 3 plenarna predavanja i saop\u0161tio 143 rada na nau\u010dnim skupovima u zemlji i inostranstvu.<\/p>\r\n\r\n\r\n\r\n\r\n\r\n<p><strong>Svetlana Stanarevic<\/strong> je doktor nauka odbrane, bezbednosti i za\u0161tite i vanredna profesorka na Fakultetu bezbednosti Univerziteta u Beogradu. Birana je u zvanje za predmet <em>Basics of security <\/em>in basic academic studies, but she is also engaged in courses in the Master&#039;s program of the Faculty of Security - Studies in Security Sciences, as well as in doctoral studies. In the period from 2013 to 2020, she was engaged as a guest lecturer on an elective course <em>Safety culture<\/em> at the Faculty of Law of the University of Novi Sad, and since 2016 she has been engaged in the Master&#039;s program of Studies at the University of Belgrade - Migration Studies, as an elective subject <em>Migration and human security<\/em>. Since 2021, she has been engaged in a short study program at the Faculty of Security called <em>Training of managers for the protection of personal data i <\/em>on the study program of specialist academic studies - <em>Urban renewal of cities in the new millennium<\/em> on the optional subject <em>Urban security<\/em> at the Faculty of Architecture UB. She participated in several international and domestic conferences, scientific gatherings and seminars, several scientific projects and programs (Erasmus, COST, Horizon 2020), and as a consultant and expert in international and national programs and <em>on line<\/em> courses with topics in the field of human security, radicalization and violent extremism. She attended several training programs in the domain of risk and crisis management, creation, analysis and evaluation of public policies and initiated the formation <em>Informal network of evaluators of Serbia<\/em> (<a href=\"http:\/\/www.evamreza.rs\">www.evamreza.rs<\/a>) and as a coordinator registered with the International Organization for Cooperation in Evaluation (IOCE). He is the author and co-author of more than 60 scientific and professional papers, monographs, textbooks in the field of security studies and co-editor of several collections of papers from international scientific conferences in the field of human security, as well as national conferences in the field of urban security and urban development.<\/p>\r\n<p><strong>Nikola Cvetanovi\u0107<\/strong> is an associate professor at the Faculty of Traffic in Belgrade, where he teaches Physics. He graduated, master&#039;s and doctorate at the Faculty of Physics of the University of Belgrade. His primary area of interest is plasma physics, but he also teaches physics and ecology. In his scientific work, he has so far collaborated with several European universities and institutes through guest lectures, short stays and work at postgraduate studies. He is the co-author of over twenty scientific papers in leading international journals and one scientific monograph. He is a permanent associate of the Laboratory for Physics and Plasma Technology at the Faculty of Physics. He is the winner of the annual award &quot;Prof. Ph.D. Ljubomir \u0106irkovi\u0107&quot; for the best master&#039;s thesis. He was an associate of the Japan-Serbia Center of the University of Belgrade, as a scholarship holder of the ITO Foundation. He is an active member of the Society of Physicists of Serbia and the State Commission for Physics Competitions. He was engaged in applicable projects to reduce air pollution from thermal power plants. He is one of the main activists of the &quot;Mirijevo zeleno i zdrovo&quot; association, which fights with the environmental and urban problems of this settlement and beyond. He was born and raised in Bor.<\/p>\r\n<p><strong>Jelena Jovi\u010di\u0107-Petrovi\u0107 <\/strong>je vanredni profesor na Katedri za ekolo\u0161ku mikrobiologiju Poljoprivrednog fakulteta, Univerziteta u Beogradu. Ro\u0111ena je 1983. god. u Valjevu, diplomirala 2007. i doktorirala 2014. god. na Poljoprivrednom fakultetu Univerziteta u Beogradu sa prose\u010dnom ocenom 10 na svim nivoima studija. Bavi se biljno-mikrobnim interakcijama i primenom mikroorganizama u odr\u017eivoj poljoprivredi. Predava\u010d je na vi\u0161e predmeta u okviru u\u017ee oblasti Ekolo\u0161ka mikrobiologija na osnovnim, master i doktorskim studijama. Mentor je osam odbranjenih master radova i tri doktorske disertacije \u010dija izrada je u toku, autor jednog ud\u017ebenika, dva praktikuma, tri tehni\u010dka re\u0161enja i vi\u0161e nau\u010dnih radova objavljenih u \u010dasopisima i zbornicima od me\u0111unarodnog i nacionalnog zna\u010daja.\u00a0 U\u010destvovala je na \u010detiri me\u0111unarodna i sedam nacionalnih projekata, me\u0111u kojima su pored nau\u010dnih zastupljeni i projekti iz oblasti edukacije, kao i inovacioni projekti saradnje sa privredom. \u010clan je Udru\u017eenja mikrobiologa Srbije i Srpskog dru\u0161tva za prou\u010davanje zemlji\u0161ta. Majka je dvoje dece, u slobodno vreme aktivista u oblasti za\u0161tite \u017eivotne sredine.<\/p>\r\n<p><strong>Sr\u0111an Prodanovi\u0107<\/strong> je doktorirao na odeljenju za Sociologiju, Filozofskog fakulteta Univerziteta u Beogradu gde je prethodno zavr\u0161io osnovne i master studije. Trenutno radi kao nau\u010dni saradnik na Institutu za Filozofiju i dru\u0161tvenu teoriju Univerziteta u Beogradu. Autor je dve monografije, vi\u0161e tematskih zbornika, kao i brojnih \u010dlanaka koji su objavljeni kako u doma\u0107oj, tako i u me\u0111unarodnoj akademskoj periodici. \u010clan je uredni\u0161tva \u010dasopisa Sociologija i Filozofija i dru\u0161tvo. Tako\u0111e, tokom 2020. godine vr\u0161io je du\u017enost glavnog urednika \u010dasopisa Filozofija i dru\u0161tva. \u010clan je Sociolo\u0161kog nau\u010dnog dru\u0161tva Srbije.<\/p>\r\n<p><span style=\"font-weight: 400;\"><strong>Vuka\u0161in Mili\u0107evi\u0107<\/strong> je ro\u0111en u Beogradu 25. septembra 1982. Posle gimnazije (Tre\u0107a beogradska gimnazija) upisuje i zavr\u0161ava osnovne studije na Pravoslavnom bogoslovskom fakultetu (2005. godine, prosek 9, 34). Master studije na Filozofskom fakultetu upisuje 2010. godine (istorija Vizantije, prosek 10). Doktorat &#8222;Aspekti problema vremena kod Sv. Maksima Ispovednika&#8220; (sistematska teologija) odbranio na je PBF aprila 2018. godine (prose\u010dna ocena 10). U periodu od 2012-2019. godine bio je asistent Grupe za sistematsko bogoslovlje na PBF, a od 2019-2024. godine docent (predmeti: Hri\u0161\u0107anska etika &#8211; osnovne studije, Ontologija i etika &#8211; master studije, Patristi\u010dka kosmologija &#8211; doktorske). Septembra 2024. dobio je zvanje nau\u010dni saradnik za oblast filozofije (IFDT).<\/span><\/p>\r\n<p><span style=\"font-weight: 400;\"><strong>Vladimir \u0110ur\u0111evi\u0107<\/strong> je redovni profesor na Fizi\u010dkom fakultetu, Univerziteta u Beogradu. Bio je gostuju\u0107i istra\u017eiva\u010d u \u201eNational Oceanic and Atmospheric Administration (NOAA)\u201c, u Sjedinjenim Ameri\u010dkim Dr\u017eavama; \u201eCentro Euro-Mediterraneo sui Cambiamenti Climatici (CMCC)\u201c u Italiji; \u201eInstituto Superior Tecnico (IST), Universidade de Lisboa, u Portugaliji; \u201eMediterranean Centre on Insular Coastal Dynamics (ICoD) of the University of Malta \u201c na Malti. U\u010destvovao je i bio rukovodilac u vi\u0161e me\u0111unarodnih nau\u010dnoistra\u017eiva\u010dkih projekata finansiranih iz fondova EU-H2020, EU-FP, IPA, JRC, IOC-UNESCO i GEF. Kao ekspert, doprineo je izradi Nacionalnih izve\u0161taja o klimatskim promenama za Srbiju, Bosnu i Hercegovinu, Crnu Goru, Severnu Makedoniju i Brazil. Trenutno vodi projekat EXTREMES koji finansira Fond za nauku Republike Srbije. Suosniva\u010d je inicijative Green Art Incubator (<\/span><a href=\"http:\/\/greenartincubator.org\/\"><span style=\"font-weight: 400;\">greenartincubator.org<\/span><\/a><span style=\"font-weight: 400;\">) i saradnik na portalu Klima101 (<\/span><a href=\"http:\/\/klima101.rs\/\"><span style=\"font-weight: 400;\">klima101.rs<\/span><\/a><span style=\"font-weight: 400;\">). Dobitnik WMO Borivoje Dobrilovi\u0107 Trust Found Research nagrade u meteorologiji, godi\u0161nje nagrade Fizi\u010dkog fakulteta za nau\u010dni rad,\u00a0 nagrade Konstantin Jire\u010dek Medal &#8211; Die S\u00fcdosteuropa-Gesellschaft, nagrade &#8222;Zeleni List&#8220;, i godi\u0161njeg priznanja Centra za promociju nauke za 2023. godinu. <\/span><span style=\"font-weight: 400;\">Njegova oblast istra\u017eivanja je numeri\u010dko modeliranje klime, analiza klimatskih podataka, procena rizika i ranjivosti i analiza prilago\u0111avanja na klimatske promene. Vladimir \u0110ur\u0111evi\u0107 je objavio preko \u0161ezdeset radova u me\u0111unarodnim nau\u010dnim \u010dasopisima iz oblasti atmosferskih nauka i klimatologije, sa ukupnom citirano\u0161\u0107u preko 2500 i h-indeksom 25 (Google scholar). Pored akademske karijere odr\u017eao je i niz javnih predavanja o klimatskim promenama.<\/span><\/p>","protected":false},"excerpt":{"rendered":"<p>Vladan \u010coki\u0107 je Doktor medicinskih nauka i nau\u010dni savetnik Instituta za medicinska istra\u017eivanja Univerziteta u Beogradu. Magistrirao na medicinskoj genetici i doktorirao na hematologiji Medicinskog fakulteta Univerziteta u Beogradu. Specijalista interne medicine. Poslediplomske studije obavio na Nacionalnim institutima za zdravlje u Americi (1999-2004). Autor vi\u0161e nau\u010dnih radova u vrhunskim me\u0111unarodnim \u010dasopisima, kao i nekoliko knjiga [&hellip;]<\/p>","protected":false},"author":1,"featured_media":203,"parent":91,"menu_order":0,"comment_status":"closed","ping_status":"closed","template":"","meta":[],"_links":{"self":[{"href":"https:\/\/akademska-masa.org\/en\/wp-json\/wp\/v2\/pages\/5363"}],"collection":[{"href":"https:\/\/akademska-masa.org\/en\/wp-json\/wp\/v2\/pages"}],"about":[{"href":"https:\/\/akademska-masa.org\/en\/wp-json\/wp\/v2\/types\/page"}],"author":[{"embeddable":true,"href":"https:\/\/akademska-masa.org\/en\/wp-json\/wp\/v2\/users\/1"}],"replies":[{"embeddable":true,"href":"https:\/\/akademska-masa.org\/en\/wp-json\/wp\/v2\/comments?post=5363"}],"version-history":[{"count":3,"href":"https:\/\/akademska-masa.org\/en\/wp-json\/wp\/v2\/pages\/5363\/revisions"}],"predecessor-version":[{"id":5400,"href":"https:\/\/akademska-masa.org\/en\/wp-json\/wp\/v2\/pages\/5363\/revisions\/5400"}],"up":[{"embeddable":true,"href":"https:\/\/akademska-masa.org\/en\/wp-json\/wp\/v2\/pages\/91"}],"wp:featuredmedia":[{"embeddable":true,"href":"https:\/\/akademska-masa.org\/en\/wp-json\/wp\/v2\/media\/203"}],"wp:attachment":[{"href":"https:\/\/akademska-masa.org\/en\/wp-json\/wp\/v2\/media?parent=5363"}],"curies":[{"name":"wp","href":"https:\/\/api.w.org\/{rel}","templated":true}]}}