{"id":91,"date":"2019-09-14T12:12:09","date_gmt":"2019-09-14T12:12:09","guid":{"rendered":"https:\/\/akademska-masa.org\/wp\/?page_id=91"},"modified":"2026-01-12T09:31:23","modified_gmt":"2026-01-12T09:31:23","slug":"zajednica","status":"publish","type":"page","link":"https:\/\/akademska-masa.org\/en\/community\/","title":{"rendered":"THE COMMUNITY"},"content":{"rendered":"<div data-elementor-type=\"wp-page\" data-elementor-id=\"91\" class=\"elementor elementor-91\">\n\t\t\t\t\t\t\t\t\t<section class=\"elementor-section elementor-top-section elementor-element elementor-element-bec16e5 elementor-section-boxed elementor-section-height-default elementor-section-height-default\" data-id=\"bec16e5\" data-element_type=\"section\">\n\t\t\t\t\t\t<div class=\"elementor-container elementor-column-gap-default\">\n\t\t\t\t\t<div class=\"elementor-column elementor-col-100 elementor-top-column elementor-element elementor-element-271e583c\" data-id=\"271e583c\" data-element_type=\"column\">\n\t\t\t<div class=\"elementor-widget-wrap elementor-element-populated\">\n\t\t\t\t\t\t\t\t<div class=\"elementor-element elementor-element-5a578646 elementor-widget elementor-widget-text-editor\" data-id=\"5a578646\" data-element_type=\"widget\" data-widget_type=\"text-editor.default\">\n\t\t\t\t<div class=\"elementor-widget-container\">\n\t\t\t\t\t\t\t<!-- wp:paragraph -->\n<p>You can download the list of signatories <a href=\"http:\/\/akademska-masa.org\/wp-content\/uploads\/2022\/05\/MASA-potpisnici-03.07.2020..pdf\">HERE<\/a>.<\/p>\n<!-- \/wp:paragraph --><!-- wp:paragraph -->\n<p><strong>Annual membership fee<\/strong> iznosi 2500 dinara.<\/p>\n<!-- \/wp:paragraph --><!-- wp:paragraph -->\n<p><strong>Account number <\/strong> 265 \u2013 1610310005046 \u2013 15 Raiffeisen bank ad<\/p>\n<!-- \/wp:paragraph --><!-- wp:paragraph -->\n<p>\u00a0<\/p>\n<!-- \/wp:paragraph --><!-- wp:heading -->\n<h2>COORDINATION BOARD<\/h2>\n<!-- \/wp:heading --><!-- wp:paragraph --><!-- \/wp:paragraph --><!-- wp:paragraph -->\n<p><a href=\"https:\/\/akademska-masa.org\/en\/painted-bodroza\/\">Bojan Bodro\u017ea<\/a>, Faculty of Philosophy, University of Novi Sad<\/p>\n<p><a href=\"https:\/\/akademska-masa.org\/en\/nikola-cvetanovic\/\">Nikola Cvetanovi\u0107<\/a>, Faculty of Traffic, University of Belgrade<\/p>\n<p><a href=\"https:\/\/akademska-masa.org\/en\/ruled-cokic\/\">Vladan \u010coki\u0107<\/a>, Institute for Medical Research, University of Belgrade<\/p>\n<p><a href=\"https:\/\/akademska-masa.org\/en\/community\/coordination-committee\/danijela-stosic-panic\/\">Vladimir \u0110ur\u0111evi\u0107<\/a>, Fizi\u010dki fakultet Univerziteta u Beogradu\u00a0<\/p>\n<p><a href=\"https:\/\/akademska-masa.org\/en\/jelena-jovicic-petrovic\/\">Jelena Jovi\u010di\u0107-Petrovi\u0107<\/a>, Faculty of Agriculture, University of Belgrade<\/p>\n<p><a href=\"https:\/\/akademska-masa.org\/en\/community\/coordination-committee\/dusan-pavlovic\/\">Vuka\u0161in Mili\u0107evi\u0107<\/a>, diplomirani teolog<\/p>\n<p><a href=\"https:\/\/akademska-masa.org\/en\/galjina-ognjanov\/\">Galjina Ognjanov<\/a>, Faculty of Economics, University of Belgrade<\/p>\n<p><a href=\"https:\/\/akademska-masa.org\/en\/dalibor-petrovic\/\">Dalibor Petrovi\u0107<\/a>, Faculty of Traffic, University of Belgrade\u00a0<\/p>\n<p><a href=\"https:\/\/akademska-masa.org\/en\/srdjan-prodanovic\/\">Sr\u0111an Prodanovi\u0107<\/a>, Institute for Philosophy and Social Theory, University of Belgrade<\/p>\n<p><a href=\"https:\/\/akademska-masa.org\/en\/community\/coordination-committee\/svetlana-stanarevic\/\">Svetlana Stanarevic<\/a>, Faculty of Security, University of Belgrade<\/p>\n<p><a href=\"https:\/\/akademska-masa.org\/en\/oliver-toskovic\/\">Oliver Toskovic<\/a>, Faculty of Philosophy, University of Belgrade<\/p>\n<!-- \/wp:paragraph --><!-- wp:paragraph --><!-- \/wp:paragraph --><!-- wp:paragraph --><!-- \/wp:paragraph --><!-- wp:paragraph --><!-- \/wp:paragraph --><!-- wp:heading -->\n<h2><strong>Advisory Board<\/strong><\/h2>\n<!-- \/wp:heading -->\n<p>Petar \u0110uki\u0107, Faculty of Technology and Metallurgy, University of Belgrade, chairman<\/p>\n<p><!-- \/wp:paragraph --><!-- wp:paragraph --><\/p>\n<p><!-- \/wp:paragraph --><!-- wp:paragraph --><\/p>\n<p>Olgica \u0110urkovi\u0107 \u0110akovi\u0107, Institute for Medical Research, University of<br \/>Belgrade<\/p>\n<p><!-- \/wp:paragraph --><!-- wp:paragraph --><\/p>\n<p><!-- \/wp:paragraph --><!-- wp:paragraph --><\/p>\n<p>Vladica Cvetkovi\u0107, Faculty of Mining and Geology, University of Belgrade<\/p>\n<p><!-- \/wp:paragraph --><\/p>\n<p>Miroslav Demajo, Vin\u010da Institute, University of Belgrade<\/p>\n<p>Radmilo Pe\u0161i\u0107, Faculty of Agriculture, University of Belgrade<\/p>\n<p>Bogdan \u0160olaja, Faculty of Chemistry, University of Belgrade<\/p>\n<p>Danica Popovi\u0107, Faculty of Economics, University of Belgrade<\/p>\n<p>Dragan Popadi\u0107, Faculty of Philosophy, University of Belgrade<\/p>\n<p>Gordana Mati\u0107, Sini\u0161a Stankovi\u0107 Institute for Biological Research<\/p>\n<p>Zoran Radovanovi\u0107, Serbian Medical Association<\/p>\n<p>Milena Dragi\u0107evi\u0107 \u0160e\u0161i\u0107, Faculty of Dramatic Arts, University of Arts in Belgrade\u00a0<\/p>\n<p>Snje\u017eana Milivojevi\u0107, Faculty of Political Sciences, University of Belgrade<\/p>\n<h3>SUPERVISOR COMMITTEE<\/h3>\n<p>Gazela Pudar Dra\u0161ko, Institute for Philosophy and Social Theory, University of Belgrade<\/p>\n<p>Ivana Spasi\u0107, Faculty of Philosophy, University of Belgrade\u00a0<\/p>\n<p>Nikola Nika\u010devi\u0107, Tehnolo\u0161ko-metalur\u0161ki fakultet Univerziteta u Beogradu\u00a0<\/p>\n<p><!-- \/wp:paragraph --><\/p>\t\t\t\t\t\t<\/div>\n\t\t\t\t<\/div>\n\t\t\t\t\t<\/div>\n\t\t<\/div>\n\t\t\t\t\t\t\t<\/div>\n\t\t<\/section>\n\t\t\t\t\t\t\t<\/div>","protected":false},"excerpt":{"rendered":"<p>Spisak potpisnika i potpisnica mo\u017eete skinuti OVDE. Godi\u0161nja \u010dlanarina iznosi 2500 dinara. Broj \u017eiro ra\u010duna 265 &#8211; 1610310005046 &#8211; 15 Raiffeisen banka a.d. \u00a0 KOORDINACIONI ODBOR Bojana Bodro\u017ea, Filozofski fakultet Univerziteta u Novom Sadu Nikola Cvetanovi\u0107, Saobra\u0107ajni fakultet Univerziteta u Beogradu Vladan \u010coki\u0107, Institut za medicinska istra\u017eivanja Univerziteta u Beogradu Vladimir \u0110ur\u0111evi\u0107, Fizi\u010dki fakultet Univerziteta [&hellip;]<\/p>","protected":false},"author":1,"featured_media":0,"parent":0,"menu_order":4,"comment_status":"closed","ping_status":"closed","template":"","meta":[],"_links":{"self":[{"href":"https:\/\/akademska-masa.org\/en\/wp-json\/wp\/v2\/pages\/91"}],"collection":[{"href":"https:\/\/akademska-masa.org\/en\/wp-json\/wp\/v2\/pages"}],"about":[{"href":"https:\/\/akademska-masa.org\/en\/wp-json\/wp\/v2\/types\/page"}],"author":[{"embeddable":true,"href":"https:\/\/akademska-masa.org\/en\/wp-json\/wp\/v2\/users\/1"}],"replies":[{"embeddable":true,"href":"https:\/\/akademska-masa.org\/en\/wp-json\/wp\/v2\/comments?post=91"}],"version-history":[{"count":60,"href":"https:\/\/akademska-masa.org\/en\/wp-json\/wp\/v2\/pages\/91\/revisions"}],"predecessor-version":[{"id":5459,"href":"https:\/\/akademska-masa.org\/en\/wp-json\/wp\/v2\/pages\/91\/revisions\/5459"}],"wp:attachment":[{"href":"https:\/\/akademska-masa.org\/en\/wp-json\/wp\/v2\/media?parent=91"}],"curies":[{"name":"wp","href":"https:\/\/api.w.org\/{rel}","templated":true}]}}